{"id":1377,"date":"2022-01-24T17:38:52","date_gmt":"2022-01-24T17:38:52","guid":{"rendered":"http:\/\/fermedeboutonac.fr\/?page_id=1377"},"modified":"2022-01-24T18:02:14","modified_gmt":"2022-01-24T18:02:14","slug":"la-ferme-de-boutonac-nos-productions","status":"publish","type":"page","link":"https:\/\/fermedeboutonac.fr\/index.php\/la-ferme-de-boutonac-nos-productions\/","title":{"rendered":"La Ferme de Boutonac &#8211; nos productions"},"content":{"rendered":"\n<div class=\"wp-block-media-text alignwide is-stacked-on-mobile\" style=\"grid-template-columns:31% auto\"><figure class=\"wp-block-media-text__media\"><img fetchpriority=\"high\" decoding=\"async\" width=\"427\" height=\"469\" src=\"http:\/\/fermedeboutonac.fr\/wp-content\/uploads\/2022\/01\/bienvenue-1.png\" alt=\"\" class=\"wp-image-1382 size-full\" srcset=\"https:\/\/fermedeboutonac.fr\/wp-content\/uploads\/2022\/01\/bienvenue-1.png 427w, https:\/\/fermedeboutonac.fr\/wp-content\/uploads\/2022\/01\/bienvenue-1-273x300.png 273w\" sizes=\"(max-width: 427px) 100vw, 427px\" \/><\/figure><div class=\"wp-block-media-text__content\">\n<p style=\"font-size:24px\"> Situ\u00e9e dans le Parc R\u00e9gional des Monts d\u2019Ard\u00e8che, entre Lamastre et Le Cheylard, la Ferme de Boutonac produit des fruits (cerises, prunes, pommes, poires, coings, noix\u2026) et bien s\u00fbr des ch\u00e2taignes, nous sommes en Ard\u00e8che. Nous y avons install\u00e9 quelques ruches, et les abeilles profitent aussi bien des vergers que des ch\u00e2taigneraies.  <\/p>\n<\/div><\/div>\n\n\n\n<div class=\"wp-block-media-text alignwide has-media-on-the-right is-stacked-on-mobile\" style=\"grid-template-columns:auto 36%\"><figure class=\"wp-block-media-text__media\"><img decoding=\"async\" width=\"450\" height=\"338\" src=\"http:\/\/fermedeboutonac.fr\/wp-content\/uploads\/2022\/01\/cerisier_small.png\" alt=\"\" class=\"wp-image-1380 size-full\" srcset=\"https:\/\/fermedeboutonac.fr\/wp-content\/uploads\/2022\/01\/cerisier_small.png 450w, https:\/\/fermedeboutonac.fr\/wp-content\/uploads\/2022\/01\/cerisier_small-300x225.png 300w\" sizes=\"(max-width: 450px) 100vw, 450px\" \/><\/figure><div class=\"wp-block-media-text__content\">\n<p style=\"font-size:24px\">Nos vergers de cerisiers, de pommiers, de poiriers, de pruniers&#8230; sont \u00e0 flanc de colline, ce qui demande un travail un peu plus compliqu\u00e9 qu\u2019en plaine.<\/p>\n\n\n\n<p style=\"font-size:24px\">Par conviction, pour la sant\u00e9 de tous (y compris des abeilles), nous avons entam\u00e9 une conversion vers l\u2019agriculture biologique fin 2016.<\/p>\n\n\n\n<p><\/p>\n<\/div><\/div>\n\n\n\n<div class=\"wp-block-media-text alignwide is-stacked-on-mobile\" style=\"grid-template-columns:27% auto\"><figure class=\"wp-block-media-text__media\"><img decoding=\"async\" width=\"475\" height=\"373\" src=\"http:\/\/fermedeboutonac.fr\/wp-content\/uploads\/2022\/01\/abeille_sur_fleur_cerisier_1.png\" alt=\"\" class=\"wp-image-1384 size-full\" srcset=\"https:\/\/fermedeboutonac.fr\/wp-content\/uploads\/2022\/01\/abeille_sur_fleur_cerisier_1.png 475w, https:\/\/fermedeboutonac.fr\/wp-content\/uploads\/2022\/01\/abeille_sur_fleur_cerisier_1-300x236.png 300w\" sizes=\"(max-width: 475px) 100vw, 475px\" \/><\/figure><div class=\"wp-block-media-text__content\">\n<p style=\"font-size:24px\">Nos ch\u00e2taignes, nos produits de la ruche et nos autres fruits sont maintenant bio&nbsp;!<\/p>\n\n\n\n<p style=\"font-size:24px\">Pour la sant\u00e9 de nos arbres, nous n\u2019utilisons pas de produit phytosanitaire, uniquement des pr\u00e9parations naturelles (\u00e0 base d\u2019ortie, de presle&#8230;). Pas de pesticide, c\u2019est parfait pour nos abeilles !<\/p>\n<\/div><\/div>\n\n\n\n<div class=\"wp-block-media-text alignwide has-media-on-the-right is-stacked-on-mobile\" style=\"grid-template-columns:auto 31%\"><figure class=\"wp-block-media-text__media\"><img loading=\"lazy\" decoding=\"async\" width=\"469\" height=\"352\" src=\"http:\/\/fermedeboutonac.fr\/wp-content\/uploads\/2022\/01\/chataignier-1.png\" alt=\"\" class=\"wp-image-1385 size-full\" srcset=\"https:\/\/fermedeboutonac.fr\/wp-content\/uploads\/2022\/01\/chataignier-1.png 469w, https:\/\/fermedeboutonac.fr\/wp-content\/uploads\/2022\/01\/chataignier-1-300x225.png 300w\" sizes=\"(max-width: 469px) 100vw, 469px\" \/><\/figure><div class=\"wp-block-media-text__content\">\n<p style=\"font-size:24px\">Nous sommes \u00e0 une altitude d\u2019environ 600 \u00e0 700 m\u00e8tres, ce qui convient aux ch\u00e2taigniers.<\/p>\n\n\n\n<p style=\"font-size:24px\">Nos vari\u00e9t\u00e9s locales anciennes se nomment \u00ab&nbsp;merle&nbsp;\u00bb et \u00ab&nbsp;combale&nbsp;\u00bb. &nbsp;Nous sommes en AOP Ch\u00e2taignes d\u2019Ard\u00e8che depuis 2018.<\/p>\n<\/div><\/div>\n\n\n\n<div class=\"wp-block-media-text alignwide is-stacked-on-mobile\" style=\"grid-template-columns:22% auto\"><figure class=\"wp-block-media-text__media\"><img loading=\"lazy\" decoding=\"async\" width=\"464\" height=\"261\" src=\"http:\/\/fermedeboutonac.fr\/wp-content\/uploads\/2022\/01\/pots.png\" alt=\"\" class=\"wp-image-1394 size-full\" srcset=\"https:\/\/fermedeboutonac.fr\/wp-content\/uploads\/2022\/01\/pots.png 464w, https:\/\/fermedeboutonac.fr\/wp-content\/uploads\/2022\/01\/pots-300x169.png 300w\" sizes=\"(max-width: 464px) 100vw, 464px\" \/><\/figure><div class=\"wp-block-media-text__content\">\n<p style=\"font-size:24px\">Nous transformons nos productions afin de vous proposer des produits de qualit\u00e9.<\/p>\n\n\n\n<p style=\"font-size:24px\">Pour la ch\u00e2taigne\u00a0: confiture de ch\u00e2taigne (nature ou au chocolat), farine de ch\u00e2taigne et ch\u00e2taignes au naturel.<\/p>\n<\/div><\/div>\n\n\n\n<div class=\"wp-block-media-text alignwide has-media-on-the-right is-stacked-on-mobile\" style=\"grid-template-columns:auto 30%\"><figure class=\"wp-block-media-text__media\"><img loading=\"lazy\" decoding=\"async\" width=\"290\" height=\"266\" src=\"http:\/\/fermedeboutonac.fr\/wp-content\/uploads\/2022\/01\/jus.png\" alt=\"\" class=\"wp-image-1396 size-full\"\/><\/figure><div class=\"wp-block-media-text__content\">\n<p style=\"font-size:24px\">Les fruits sont transform\u00e9s en jus, en confitures, en eau de vie ou en liqueurs.<\/p>\n\n\n\n<p style=\"font-size:24px\">Le miel n\u2019est pas vendu en pots mais devient de l\u2019hydromel, de l\u2019hypocras ou des croquants, et m\u00eame des bonbons.<\/p>\n\n\n\n<p style=\"font-size:24px\">La cire devient bougies, et nous faisons aussi nos savons \u00e0 la ferme (cire-miel, miel-ch\u00e2taigne, laurier).<\/p>\n<\/div><\/div>\n","protected":false},"excerpt":{"rendered":"<p>Situ\u00e9e dans le Parc R\u00e9gional des Monts d\u2019Ard\u00e8che, entre Lamastre et Le Cheylard, la Ferme de Boutonac produit des fruits (cerises, prunes, pommes, poires, coings, noix\u2026) et bien s\u00fbr des ch\u00e2taignes, nous sommes en Ard\u00e8che. Nous y avons install\u00e9 quelques ruches, et les abeilles profitent aussi bien des vergers que des ch\u00e2taigneraies. Nos vergers de [&hellip;]<\/p>\n","protected":false},"author":1,"featured_media":0,"parent":0,"menu_order":0,"comment_status":"closed","ping_status":"closed","template":"","meta":{"om_disable_all_campaigns":false,"_monsterinsights_skip_tracking":false,"_monsterinsights_sitenote_active":false,"_monsterinsights_sitenote_note":"","_monsterinsights_sitenote_category":0,"site-sidebar-layout":"default","site-content-layout":"","ast-site-content-layout":"default","site-content-style":"default","site-sidebar-style":"default","ast-global-header-display":"","ast-banner-title-visibility":"","ast-main-header-display":"","ast-hfb-above-header-display":"","ast-hfb-below-header-display":"","ast-hfb-mobile-header-display":"","site-post-title":"","ast-breadcrumbs-content":"","ast-featured-img":"","footer-sml-layout":"","ast-disable-related-posts":"","theme-transparent-header-meta":"","adv-header-id-meta":"","stick-header-meta":"","header-above-stick-meta":"","header-main-stick-meta":"","header-below-stick-meta":"","astra-migrate-meta-layouts":"default","ast-page-background-enabled":"default","ast-page-background-meta":{"desktop":{"background-color":"var(--ast-global-color-4)","background-image":"","background-repeat":"repeat","background-position":"center center","background-size":"auto","background-attachment":"scroll","background-type":"","background-media":"","overlay-type":"","overlay-color":"","overlay-opacity":"","overlay-gradient":""},"tablet":{"background-color":"","background-image":"","background-repeat":"repeat","background-position":"center center","background-size":"auto","background-attachment":"scroll","background-type":"","background-media":"","overlay-type":"","overlay-color":"","overlay-opacity":"","overlay-gradient":""},"mobile":{"background-color":"","background-image":"","background-repeat":"repeat","background-position":"center center","background-size":"auto","background-attachment":"scroll","background-type":"","background-media":"","overlay-type":"","overlay-color":"","overlay-opacity":"","overlay-gradient":""}},"ast-content-background-meta":{"desktop":{"background-color":"var(--ast-global-color-5)","background-image":"","background-repeat":"repeat","background-position":"center center","background-size":"auto","background-attachment":"scroll","background-type":"","background-media":"","overlay-type":"","overlay-color":"","overlay-opacity":"","overlay-gradient":""},"tablet":{"background-color":"var(--ast-global-color-5)","background-image":"","background-repeat":"repeat","background-position":"center center","background-size":"auto","background-attachment":"scroll","background-type":"","background-media":"","overlay-type":"","overlay-color":"","overlay-opacity":"","overlay-gradient":""},"mobile":{"background-color":"var(--ast-global-color-5)","background-image":"","background-repeat":"repeat","background-position":"center center","background-size":"auto","background-attachment":"scroll","background-type":"","background-media":"","overlay-type":"","overlay-color":"","overlay-opacity":"","overlay-gradient":""}},"footnotes":""},"class_list":["post-1377","page","type-page","status-publish","hentry"],"aioseo_notices":[],"_links":{"self":[{"href":"https:\/\/fermedeboutonac.fr\/index.php\/wp-json\/wp\/v2\/pages\/1377","targetHints":{"allow":["GET"]}}],"collection":[{"href":"https:\/\/fermedeboutonac.fr\/index.php\/wp-json\/wp\/v2\/pages"}],"about":[{"href":"https:\/\/fermedeboutonac.fr\/index.php\/wp-json\/wp\/v2\/types\/page"}],"author":[{"embeddable":true,"href":"https:\/\/fermedeboutonac.fr\/index.php\/wp-json\/wp\/v2\/users\/1"}],"replies":[{"embeddable":true,"href":"https:\/\/fermedeboutonac.fr\/index.php\/wp-json\/wp\/v2\/comments?post=1377"}],"version-history":[{"count":4,"href":"https:\/\/fermedeboutonac.fr\/index.php\/wp-json\/wp\/v2\/pages\/1377\/revisions"}],"predecessor-version":[{"id":1454,"href":"https:\/\/fermedeboutonac.fr\/index.php\/wp-json\/wp\/v2\/pages\/1377\/revisions\/1454"}],"wp:attachment":[{"href":"https:\/\/fermedeboutonac.fr\/index.php\/wp-json\/wp\/v2\/media?parent=1377"}],"curies":[{"name":"wp","href":"https:\/\/api.w.org\/{rel}","templated":true}]}}